{"id":19,"date":"2023-11-06T17:24:36","date_gmt":"2023-11-07T00:24:36","guid":{"rendered":"https:\/\/www.kpartisticpaints.com\/?page_id=19"},"modified":"2023-11-13T15:16:35","modified_gmt":"2023-11-13T22:16:35","slug":"about","status":"publish","type":"page","link":"https:\/\/www.kpartisticpaints.com\/es\/about\/","title":{"rendered":"Acerca de mi"},"content":{"rendered":"<p><img loading=\"lazy\" decoding=\"async\" width=\"750\" height=\"996\" class=\"wp-image-37\" align=\"right\" style=\"width: 300px; padding: 15px;\" src=\"http:\/\/www.kpartisticpaints.com\/wp-content\/uploads\/2023\/11\/kevin-peraza-suit.jpg\" alt=\"Kevin Peraza\" srcset=\"https:\/\/www.kpartisticpaints.com\/wp-content\/uploads\/2023\/11\/kevin-peraza-suit.jpg 750w, https:\/\/www.kpartisticpaints.com\/wp-content\/uploads\/2023\/11\/kevin-peraza-suit-226x300.jpg 226w, https:\/\/www.kpartisticpaints.com\/wp-content\/uploads\/2023\/11\/kevin-peraza-suit-9x12.jpg 9w, https:\/\/www.kpartisticpaints.com\/wp-content\/uploads\/2023\/11\/kevin-peraza-suit-416x552.jpg 416w\" sizes=\"(max-width: 750px) 100vw, 750px\" \/>Hola, mi nombre es Kevin Peraza. La idea central de mi trabajo art\u00edstico es involucrar al espectador a trav\u00e9s de pinturas enigm\u00e1ticas e inusuales, y llenarlo de intriga al tiempo que le aporta originalidad, calidad y creatividad.<\/p><p>Mi carrera comenz\u00f3 cuando ten\u00eda apenas 10 a\u00f1os con talento natural e inspirada en diferentes pintores famosos como: Frida Kahlo, Remedios Varo, Vincent Van Gogh, Pablo Picasso, Leonora Carrington, entre otros. A los 12 a\u00f1os comenc\u00e9 a estudiar arte en la secundaria, adquiriendo m\u00e1s conocimientos y fortaleciendo lo que hoy me apasiona.<\/p><p>Comenc\u00e9 a realizar bocetos a l\u00e1piz sobre papel de ilustraci\u00f3n inspirados en rostros de artistas como Elvis Presley, Marilyn Monroe, Frida Kahlo, entre otros. En muy poco tiempo comenc\u00e9 con la pintura acr\u00edlica y fue all\u00ed donde hice del arte un camino maravilloso en mi vida. Luego comenc\u00e9 a practicar con los rasgos faciales en mis cuadros para realizar autorretratos, plasmando en ellos sentimientos y s\u00edmbolos clave ocultos, agregando gui\u00f1os a mis vivencias, entre muchas otras cosas que espero aprecien.<\/p><p>My greatest inspiration since I was little has always been my mother and although she is not dedicated to any branch of art, she has the courage to get what she wants, get ahead on her own and also find wonderful things in life.<\/p><p>En algunos cuadros hago referencias o homenajes a mujeres importantes porque han sido tan influyentes en mi vida que parece casi imposible saltarse ese detalle. Una de ellas que he utilizado como mi mayor musa es Mar\u00eda F\u00e9lix. Tambi\u00e9n ha sido la inspiraci\u00f3n de muchos pintores y maestros del arte como Diego Rivera, Leonora Carrington y Antoine Tzapoff, solo por mencionar algunos.<\/p>","protected":false},"excerpt":{"rendered":"<p>Hello, my name is Kevin Peraza. The central idea about my artistic work is to engage the viewer through enigmatic and unusual paintings, and fill them with intrigue while bringing originality, quality and creativity. My career began when I was barely 10 years old with natural talent and inspired by different famous painters such as: [&hellip;]<\/p>\n","protected":false},"author":2,"featured_media":0,"parent":0,"menu_order":0,"comment_status":"closed","ping_status":"closed","template":"","meta":{"footnotes":""},"aioseo_notices":[],"jetpack_sharing_enabled":true,"_links":{"self":[{"href":"https:\/\/www.kpartisticpaints.com\/es\/wp-json\/wp\/v2\/pages\/19"}],"collection":[{"href":"https:\/\/www.kpartisticpaints.com\/es\/wp-json\/wp\/v2\/pages"}],"about":[{"href":"https:\/\/www.kpartisticpaints.com\/es\/wp-json\/wp\/v2\/types\/page"}],"author":[{"embeddable":true,"href":"https:\/\/www.kpartisticpaints.com\/es\/wp-json\/wp\/v2\/users\/2"}],"replies":[{"embeddable":true,"href":"https:\/\/www.kpartisticpaints.com\/es\/wp-json\/wp\/v2\/comments?post=19"}],"version-history":[{"count":9,"href":"https:\/\/www.kpartisticpaints.com\/es\/wp-json\/wp\/v2\/pages\/19\/revisions"}],"predecessor-version":[{"id":44,"href":"https:\/\/www.kpartisticpaints.com\/es\/wp-json\/wp\/v2\/pages\/19\/revisions\/44"}],"wp:attachment":[{"href":"https:\/\/www.kpartisticpaints.com\/es\/wp-json\/wp\/v2\/media?parent=19"}],"curies":[{"name":"wp","href":"https:\/\/api.w.org\/{rel}","templated":true}]}}